{"id":14,"date":"2013-04-18T17:56:11","date_gmt":"2013-04-18T17:56:11","guid":{"rendered":"http:\/\/www.nobregapaes.com.br\/novosite\/?page_id=14"},"modified":"2013-04-23T14:26:31","modified_gmt":"2013-04-23T14:26:31","slug":"home","status":"publish","type":"page","link":"http:\/\/www.nobregapaes.com.br\/","title":{"rendered":"Home"},"content":{"rendered":"<div id=\"textodoce\">\n<p style=\"text-align: justify;\"><img loading=\"lazy\" decoding=\"async\" class=\"size-full wp-image-84 alignleft\" alt=\"fachada\" src=\"http:\/\/www.nobregapaes.com.br\/novosite\/wp-content\/uploads\/2013\/04\/fachada2.jpg\" width=\"400\" height=\"266\" srcset=\"http:\/\/www.nobregapaes.com.br\/wp-content\/uploads\/2013\/04\/fachada2.jpg 400w, http:\/\/www.nobregapaes.com.br\/wp-content\/uploads\/2013\/04\/fachada2-300x199.jpg 300w, http:\/\/www.nobregapaes.com.br\/wp-content\/uploads\/2013\/04\/fachada2-332x220.jpg 332w\" sizes=\"(max-width: 400px) 100vw, 400px\" \/>A Nobrega P\u00e3es muda suas instala\u00e7\u00f5es para um espa\u00e7o amplo, confort\u00e1vel e arrojado, planejado para oferecer ainda mais op\u00e7\u00f5es de produtos pr\u00f3prios, refei\u00e7\u00f5es e artigos de conveni\u00eancia, incorporando as tecnologias mais avan\u00e7adas da cozinha contempor\u00e2nea \u00e0 qualidade que voc\u00ea j\u00e1 conhece.<\/p>\n<p style=\"text-align: justify;\">Assim \u00e9 a Nobrega P\u00e3es: sempre evoluindo para que o relacionamento com os seus clientes se torne ainda mais s\u00f3lido e duradouro.<\/p>\n<\/div>\n","protected":false},"excerpt":{"rendered":"<p>A Nobrega P\u00e3es muda suas instala\u00e7\u00f5es para um espa\u00e7o amplo, confort\u00e1vel e arrojado, planejado para oferecer ainda mais op\u00e7\u00f5es de produtos pr\u00f3prios, refei\u00e7\u00f5es e artigos de conveni\u00eancia, incorporando as tecnologias mais avan\u00e7adas da cozinha contempor\u00e2nea \u00e0 qualidade que voc\u00ea j\u00e1 conhece. Assim \u00e9 a Nobrega P\u00e3es: sempre evoluindo para que &#8230;<\/p>\n","protected":false},"author":1,"featured_media":0,"parent":0,"menu_order":0,"comment_status":"closed","ping_status":"closed","template":"template-full-width.php","meta":{"footnotes":""},"_links":{"self":[{"href":"http:\/\/www.nobregapaes.com.br\/index.php?rest_route=\/wp\/v2\/pages\/14"}],"collection":[{"href":"http:\/\/www.nobregapaes.com.br\/index.php?rest_route=\/wp\/v2\/pages"}],"about":[{"href":"http:\/\/www.nobregapaes.com.br\/index.php?rest_route=\/wp\/v2\/types\/page"}],"author":[{"embeddable":true,"href":"http:\/\/www.nobregapaes.com.br\/index.php?rest_route=\/wp\/v2\/users\/1"}],"replies":[{"embeddable":true,"href":"http:\/\/www.nobregapaes.com.br\/index.php?rest_route=%2Fwp%2Fv2%2Fcomments&post=14"}],"version-history":[{"count":9,"href":"http:\/\/www.nobregapaes.com.br\/index.php?rest_route=\/wp\/v2\/pages\/14\/revisions"}],"predecessor-version":[{"id":90,"href":"http:\/\/www.nobregapaes.com.br\/index.php?rest_route=\/wp\/v2\/pages\/14\/revisions\/90"}],"wp:attachment":[{"href":"http:\/\/www.nobregapaes.com.br\/index.php?rest_route=%2Fwp%2Fv2%2Fmedia&parent=14"}],"curies":[{"name":"wp","href":"https:\/\/api.w.org\/{rel}","templated":true}]}}